{"id":282,"date":"2022-01-27T17:04:34","date_gmt":"2022-01-27T17:04:34","guid":{"rendered":"http:\/\/www.sevaro.eu\/?page_id=282"},"modified":"2022-03-22T10:03:14","modified_gmt":"2022-03-22T10:03:14","slug":"rada-nadzorcza","status":"publish","type":"page","link":"https:\/\/sevaro.eu\/?page_id=282","title":{"rendered":"RADA NADZORCZA"},"content":{"rendered":"\n<p class=\"has-text-align-left\" id=\"rada-nadzorcza-sevaro-s-a\">Marek Smolski &#8211; Przewodnicz\u0105cy Rady Nadzorczej<\/p>\n\n\n\n<p class=\"has-text-align-left\" id=\"rada-nadzorcza-sevaro-s-a\">Mariusz Banaszczyk &#8211; Cz\u0142onek Rady Nadzorczej<\/p>\n\n\n\n<p class=\"has-text-align-left\" id=\"smolski-marek\">Stanis\u0142aw Hazak &#8211; Cz\u0142onek Rady Nadzorczej<\/p>\n\n\n\n<p class=\"has-text-align-left\" id=\"grygier-dominik\">Dominik Grygier &#8211; Cz\u0142onek Rady Nadzorczej <\/p>\n\n\n\n<p class=\"has-text-align-left\" id=\"kmera-natalia\">Natalia Kmera &#8211; Cz\u0142onek Rady Nadzorczej<\/p>\n","protected":false},"excerpt":{"rendered":"<p>Marek Smolski &#8211; Przewodnicz\u0105cy Rady Nadzorczej Mariusz Banaszczyk &#8211; Cz\u0142onek Rady Nadzorczej Stanis\u0142aw Hazak &#8211; Cz\u0142onek Rady Nadzorczej Dominik Grygier &#8211; Cz\u0142onek Rady Nadzorczej Natalia Kmera &#8211; Cz\u0142onek Rady Nadzorczej<\/p>\n","protected":false},"author":1,"featured_media":0,"parent":0,"menu_order":0,"comment_status":"closed","ping_status":"closed","template":"","meta":{"content-type":"","footnotes":""},"class_list":["post-282","page","type-page","status-publish","hentry","latest_post"],"_links":{"self":[{"href":"https:\/\/sevaro.eu\/index.php?rest_route=\/wp\/v2\/pages\/282","targetHints":{"allow":["GET"]}}],"collection":[{"href":"https:\/\/sevaro.eu\/index.php?rest_route=\/wp\/v2\/pages"}],"about":[{"href":"https:\/\/sevaro.eu\/index.php?rest_route=\/wp\/v2\/types\/page"}],"author":[{"embeddable":true,"href":"https:\/\/sevaro.eu\/index.php?rest_route=\/wp\/v2\/users\/1"}],"replies":[{"embeddable":true,"href":"https:\/\/sevaro.eu\/index.php?rest_route=%2Fwp%2Fv2%2Fcomments&post=282"}],"version-history":[{"count":10,"href":"https:\/\/sevaro.eu\/index.php?rest_route=\/wp\/v2\/pages\/282\/revisions"}],"predecessor-version":[{"id":798,"href":"https:\/\/sevaro.eu\/index.php?rest_route=\/wp\/v2\/pages\/282\/revisions\/798"}],"wp:attachment":[{"href":"https:\/\/sevaro.eu\/index.php?rest_route=%2Fwp%2Fv2%2Fmedia&parent=282"}],"curies":[{"name":"wp","href":"https:\/\/api.w.org\/{rel}","templated":true}]}}